{"id":2,"date":"2012-06-06T11:21:11","date_gmt":"2012-06-06T11:21:11","guid":{"rendered":"http:\/\/bardo.noblogs.org\/?page_id=2"},"modified":"2018-04-20T14:28:01","modified_gmt":"2018-04-20T12:28:01","slug":"sample-page","status":"publish","type":"page","link":"https:\/\/bardo.noblogs.org\/?page_id=2","title":{"rendered":"Sample Page"},"content":{"rendered":"<p><a href=\"http:\/\/wireless.fcc.gov\/cgi-bin\/wtbbye.pl?http:\/\/dietavegana.me\" target=\"_blank\" rel=\"noopener\">Dieta vegana<\/a> es una web muy interesante de blog dedicado a la alimentaci\u00f3n vegana. En el podr\u00e1s encontrar todo tipo de recursos y art\u00edculos relacionados con el veganismo.<\/p>\n<p>Puedes encontrar informaci\u00f3n relacionada con la nutrici\u00f3n y <a href=\"http:\/\/www.minnesota.feb.gov\/redirect.php?link=dietavegana.me\" target=\"_blank\" rel=\"noopener\">muchas m\u00e1s cosas<\/a>.<\/p>\n","protected":false},"excerpt":{"rendered":"<p>Dieta vegana es una web muy interesante de blog dedicado a la alimentaci\u00f3n vegana. En el podr\u00e1s encontrar todo tipo de recursos y art\u00edculos relacionados con el veganismo. Puedes encontrar informaci\u00f3n relacionada con la nutrici\u00f3n y muchas m\u00e1s cosas.<\/p>\n","protected":false},"author":5456,"featured_media":0,"parent":0,"menu_order":0,"comment_status":"closed","ping_status":"open","template":"","meta":{"footnotes":""},"class_list":["post-2","page","type-page","status-publish","hentry"],"_links":{"self":[{"href":"https:\/\/bardo.noblogs.org\/index.php?rest_route=\/wp\/v2\/pages\/2","targetHints":{"allow":["GET"]}}],"collection":[{"href":"https:\/\/bardo.noblogs.org\/index.php?rest_route=\/wp\/v2\/pages"}],"about":[{"href":"https:\/\/bardo.noblogs.org\/index.php?rest_route=\/wp\/v2\/types\/page"}],"author":[{"embeddable":true,"href":"https:\/\/bardo.noblogs.org\/index.php?rest_route=\/wp\/v2\/users\/5456"}],"replies":[{"embeddable":true,"href":"https:\/\/bardo.noblogs.org\/index.php?rest_route=%2Fwp%2Fv2%2Fcomments&post=2"}],"version-history":[{"count":4,"href":"https:\/\/bardo.noblogs.org\/index.php?rest_route=\/wp\/v2\/pages\/2\/revisions"}],"predecessor-version":[{"id":65,"href":"https:\/\/bardo.noblogs.org\/index.php?rest_route=\/wp\/v2\/pages\/2\/revisions\/65"}],"wp:attachment":[{"href":"https:\/\/bardo.noblogs.org\/index.php?rest_route=%2Fwp%2Fv2%2Fmedia&parent=2"}],"curies":[{"name":"wp","href":"https:\/\/api.w.org\/{rel}","templated":true}]}}